{"id":5884,"date":"2024-09-21T13:33:52","date_gmt":"2024-09-21T09:33:52","guid":{"rendered":"https:\/\/23steps.az\/?page_id=5884"},"modified":"2025-01-17T15:55:11","modified_gmt":"2025-01-17T11:55:11","slug":"cepsa-yaglari-haqqinda","status":"publish","type":"page","link":"https:\/\/23steps.az\/?page_id=5884","title":{"rendered":"CEPSA Ya\u011flar\u0131 haqq\u0131nda"},"content":{"rendered":"\t\t<div data-elementor-type=\"wp-page\" data-elementor-id=\"5884\" class=\"elementor elementor-5884\">\n\t\t\t\t<div class=\"elementor-element elementor-element-38daa52 e-flex e-con-boxed e-con e-parent\" data-id=\"38daa52\" data-element_type=\"container\">\n\t\t\t\t\t<div class=\"e-con-inner\">\n\t\t\t\t<div class=\"elementor-element elementor-element-a4c5db9 elementor-widget elementor-widget-ct_accordion\" data-id=\"a4c5db9\" data-element_type=\"widget\" data-widget_type=\"ct_accordion.default\">\n\t\t\t\t<div class=\"elementor-widget-container\">\n\t\t\t\t\t    <div id=\"ct_accordion-a4c5db9\" class=\"ct-accordion layout1 style8 \">\r\n                    <div class=\"ct-accordion-item active\">\r\n                <div class=\"ct-ac-title active\" data-target=\"#a3422c7ct_accordion-a4c5db9\">\r\n                    <a class=\"ct-ac-title-text\">\r\n                        <i aria-hidden=\"true\" class=\"material zmdi zmdi-badge-check\"><\/i>                                                CEPSA Ya\u011flar\u0131 haqq\u0131nda                         <i class=\"ct-icon-accordion\"><\/i>\r\n                    <\/a>\r\n                <\/div>\r\n                <div id=\"a3422c7ct_accordion-a4c5db9\" class=\"ct-ac-content\" style=\"display:block;\"><p>23 STEPS MMC Az\u0259rbaycanda Cepsa brendi m\u0259hsullar\u0131n\u0131n r\u0259smi n\u00fcmay\u0259nd\u0259l\u0259riyik v\u0259 avtomobil ya\u011flar\u0131n\u0131n, el\u0259c\u0259 d\u0259 m\u00fcxt\u0259lif n\u00f6v avadanl\u0131qlar \u00fc\u00e7\u00fcn geni\u015f \u00e7e\u015fidd\u0259 ya\u011flar\u0131n t\u0259dar\u00fck\u00fc v\u0259 sat\u0131\u015f\u0131 il\u0259 m\u0259\u015f\u011fuluq. B\u00fct\u00fcn m\u0259hsullar beyn\u0259lxalq standartlara uy\u011fundur.<\/p><p>\u018fsas \u00fcst\u00fcnl\u00fckl\u0259r t\u0259qdim olunan m\u0259hsullar\u0131n y\u00fcks\u0259k keyfiyy\u0259ti v\u0259 \u0259n yax\u015f\u0131 qiym\u0259t t\u0259klifl\u0259ridir, \u00e7\u00fcnki biz birba\u015fa istehsal\u00e7\u0131n\u0131n fabrikl\u0259ri il\u0259 i\u015fl\u0259yirik. Bizim \u0259sas f\u0259aliyy\u0259t prinsipimiz h\u0259r bir m\u00fc\u015ft\u0259riy\u0259 f\u0259rdi yana\u015fmad\u0131r.<\/p><p>Biz minik avtomobill\u0259ri, tikinti, yolsuzluq, k\u0259nd t\u0259s\u0259rr\u00fcfat\u0131 avadanl\u0131\u011f\u0131, ticar\u0259t avtomobill\u0259ri, motosikletl\u0259r, skuterl\u0259r, mopedl\u0259r, kvadrosikll\u0259r, motorlu qay\u0131qlar v\u0259 qay\u0131qlar \u00fc\u00e7\u00fcn geni\u015f \u00e7e\u015fidd\u0259 s\u00fcrtk\u00fc ya\u011flar\u0131, mayel\u0259r v\u0259 qulluq m\u0259hsullar\u0131 t\u0259qdim edirik.<\/p><p>M\u0259hsul \u00e7e\u015fidin\u0259 mexaniki v\u0259 avtomatik transmissiyalar \u00fc\u00e7\u00fcn di\u015fli ya\u011flar\u0131n geni\u015f \u00e7e\u015fidi, h\u0259m\u00e7inin di\u015fli, hidravlik v\u0259 kompressor ya\u011flar\u0131 daxildir. Bu \u00e7e\u015fid\u0259 h\u0259m\u00e7inin soyuducu (antifriz), yuyucu mayel\u0259r v\u0259 m\u00fcxt\u0259lif \u00e7oxm\u0259qs\u0259dli ya\u011flar daxildir. B\u00fct\u00fcn m\u0259hsullar sertifikatl\u0131d\u0131r v\u0259 y\u00fcks\u0259k keyfiyy\u0259t v\u0259 s\u0259rf\u0259li qiym\u0259t\u0259 g\u00f6r\u0259 b\u00f6y\u00fck t\u0259l\u0259bat var.<\/p><p>Laboratoriya t\u0259dqiqatlar\u0131 v\u0259 yeni y\u00fcks\u0259k keyfiyy\u0259tli d\u00fcsturlar\u0131n i\u015fl\u0259nib haz\u0131rlanmas\u0131 v\u0259 s\u0131naqdan ke\u00e7irilm\u0259sin\u0259 m\u00fcnt\u0259z\u0259m maliyy\u0259 s\u0259rmay\u0259l\u0259ri say\u0259sind\u0259 Cepsa h\u0259r il \u00f6z m\u0259hsullar\u0131n\u0131n keyfiyy\u0259tini yax\u015f\u0131la\u015fd\u0131r\u0131r v\u0259 motor ya\u011flar\u0131 v\u0259 m\u00fcxt\u0259lif s\u0259naye avadanl\u0131qlar\u0131 \u00fc\u00e7\u00fcn m\u0259hsullar \u00fczr\u0259 d\u00fcnyaya yeni m\u00f6vqel\u0259r t\u0259qdim edir.<\/p><p>\u0130spaniyan\u0131n Cepsa neft-kimya \u015firk\u0259ti Avropada motor ya\u011flar\u0131n\u0131n apar\u0131c\u0131 istehsal\u00e7\u0131lar\u0131ndan biridir. S\u00fcrtk\u00fc ya\u011flar\u0131 AENOR ISO 9001 keyfiyy\u0259t standartlar\u0131na uy\u011fundur v\u0259 Avropa Avtomobil \u0130stehsal\u00e7\u0131lar\u0131 Assosiasiyas\u0131 (ACEA) v\u0259 Amerika Neft \u0130nstitutu (API) t\u0259r\u0259find\u0259n t\u00f6vsiy\u0259 olunur.<\/p><p>Haz\u0131rda Cepsa qlobal neft-kimya bazar\u0131nda \u00f6z m\u00f6vqeyini inki\u015faf etdirir, m\u0259hsul sat\u0131r v\u0259 m\u00fc\u015ft\u0259ril\u0259rin\u0259 xidm\u0259t g\u00f6st\u0259rir. \u0130spaniya, Portuqaliya, Andorra v\u0259 C\u0259b\u0259ll\u00fctariqd\u0259 \u0259n son avadanl\u0131qla t\u0259chiz edilmi\u015f 1800-d\u0259n \u00e7ox texniki xidm\u0259t stansiyas\u0131 var.<\/p><p>Neft emal\u0131 \u0259sas f\u0259aliyy\u0259tl\u0259rd\u0259n yaln\u0131z biridir. Cepsa, \u00fcmumi istehsal h\u0259cmi 21,500,000 ton\/il olan \u00fc\u00e7 n\u0259h\u0259ng neft emal\u0131 zavoduna (C\u0259b\u0259ll\u00fctariq, LaRabida, Tenerife) malikdir.<\/p><p>\u015eirk\u0259t sponsorlu\u011fa x\u00fcsusi diqq\u0259t yetirir. Neft n\u0259h\u0259ngi Cepsa \u0130spaniya milli futbol komandas\u0131n\u0131n sponsorudur. TruckRacing-d\u0259 i\u015ftirak ed\u0259n MAN komandas\u0131 olan \"ToroRosso\" Formula 1 komandas\u0131, el\u0259c\u0259 d\u0259 \"RedBullX-Fighters\" MotoRacing d\u00fcnya yar\u0131\u015fmas\u0131n\u0131n qalibi Dani Torres.<\/p><p>Biz Cepsa m\u0259hsullar\u0131n\u0131n \u00fcmumi idxal\u00e7\u0131s\u0131y\u0131q, h\u0259r bir al\u0131c\u0131 \u015firk\u0259tin etibarl\u0131l\u0131\u011f\u0131na arxay\u0131n ola bil\u0259r v\u0259 biz d\u0259 \u00f6z n\u00fcfuzumuzu qiym\u0259tl\u0259ndirir v\u0259 yaln\u0131z m\u00fcsb\u0259t n\u0259tic\u0259l\u0259r \u00fc\u00e7\u00fcn \u00e7al\u0131\u015f\u0131r\u0131q. B\u00fct\u00fcn m\u0259hsullar istehsal\u00e7\u0131n\u0131n z\u0259man\u0259ti il\u0259 \u0259hat\u0259 olunur ki, bu da q\u00fcsurlu v\u0259 ya a\u015fa\u011f\u0131 keyfiyy\u0259tli motor ya\u011f\u0131 v\u0259 ya dig\u0259r m\u0259hsul \u0259\u015fyalar\u0131n\u0131n sat\u0131\u015f\u0131n\u0131 aradan qald\u0131r\u0131r.<\/p><p>Bizd\u0259 siz motor ya\u011flar\u0131, s\u00fcrtk\u00fc ya\u011flar\u0131 v\u0259 m\u00fch\u0259rrik aksesuarlar\u0131 kateqoriyalar\u0131ndan sizi maraqland\u0131ran b\u00fct\u00fcn m\u0259hsullar\u0131, h\u0259m\u00e7inin onlar\u0131n h\u0259r biri \u00fc\u00e7\u00fcn tam v\u0259 \u0259trafl\u0131 t\u0259sviri tapa bil\u0259rsiniz.<\/p><p>Haz\u0131rda \u00e7e\u015fidd\u0259 Cepsa motor ya\u011flar\u0131n\u0131n b\u00fct\u00fcn m\u00f6vcud m\u00f6vqel\u0259ri, o c\u00fcml\u0259d\u0259n yeni m\u0259hsullar daxildir. Hal-haz\u0131rda siz a\u015fa\u011f\u0131dak\u0131 kateqoriyalardan m\u0259hsullar\u0131 ala bil\u0259rsiniz:<\/p><p>- minik avtomobill\u0259rinin m\u00fch\u0259rrikl\u0259ri \u00fc\u00e7\u00fcn motor ya\u011flar\u0131<br \/>- Y\u00fck ma\u015f\u0131nlar\u0131n\u0131n m\u00fch\u0259rrikl\u0259ri \u00fc\u00e7\u00fcn motor ya\u011flar\u0131<br \/>- K\u0259nd t\u0259s\u0259rr\u00fcfat\u0131 ma\u015f\u0131nlar\u0131 \u00fc\u00e7\u00fcn ya\u011flar<br \/>- 4 v\u0259 2 vuru\u015flu m\u00fch\u0259rrikl\u0259r \u00fc\u00e7\u00fcn ya\u011flar<br \/>- Xarici qay\u0131q m\u00fch\u0259rrikl\u0259ri \u00fc\u00e7\u00fcn motor ya\u011flar\u0131<br \/>- Transmissiya ya\u011flar\u0131<br \/>- \u00d6t\u00fcr\u00fcc\u00fc ya\u011flar<br \/>- S\u0259naye ya\u011flar\u0131<br \/>- Soyuducu (antifriz)<\/p><p>G\u00f6rd\u00fcy\u00fcn\u00fcz kimi, se\u00e7im olduqca geni\u015fdir. Biz sizin daimi m\u00fc\u015ft\u0259ri olma\u011f\u0131n\u0131zda maraql\u0131y\u0131q v\u0259 h\u0259m\u00e7inin Az\u0259rbayucan\u0131n h\u0259r yerind\u0259 sahibkarlarla \u0259m\u0259kda\u015fl\u0131q etm\u0259kd\u0259n m\u0259mnun qalaca\u011f\u0131q.<\/p><p>Biziml\u0259 \u0259m\u0259kda\u015fl\u0131\u011f\u0131 m\u00fcmk\u00fcn q\u0259d\u0259r rahat v\u0259 asan etm\u0259k \u00fc\u00e7\u00fcn mallar\u0131n \u00e7atd\u0131r\u0131lmas\u0131 v\u0259 \u00f6d\u0259nilm\u0259sinin m\u00fcxt\u0259lif \u00fcsullar\u0131 m\u00fcmk\u00fcnd\u00fcr. Bu c\u00fcr \u0259m\u0259kda\u015fl\u0131q sizi laz\u0131mi mallar\u0131n al\u0131nmas\u0131na \u00e7ox vaxt s\u0259rf etm\u0259k v\u0259 vasit\u0259\u00e7il\u0259r\u0259 h\u0259dd\u0259n art\u0131q \u00f6d\u0259ni\u015f etm\u0259k ehtiyac\u0131ndan xilas ed\u0259c\u0259kdir.<\/p><\/div>\r\n            <\/div>\r\n            <\/div>\r\n    \t\t\t\t<\/div>\n\t\t\t\t<\/div>\n\t\t\t\t\t<\/div>\n\t\t\t\t<\/div>\n\t\t<div class=\"elementor-element elementor-element-4acaab3 e-flex e-con-boxed e-con e-parent\" data-id=\"4acaab3\" data-element_type=\"container\">\n\t\t\t\t\t<div class=\"e-con-inner\">\n\t\t\t\t<div class=\"elementor-element elementor-element-f6b4c88 elementor-widget elementor-widget-ct_service_grid\" data-id=\"f6b4c88\" data-element_type=\"widget\" data-widget_type=\"ct_service_grid.default\">\n\t\t\t\t<div class=\"elementor-widget-container\">\n\t\t\t\t\t\r\n<div id=\"ct_service_grid-f6b4c88\" class=\"ct-grid ct-service-grid2\" data-layout=\"masonry\" data-start-page=\"1\" data-max-pages=\"0\" data-total=\"0\" data-perpage=\"30\" data-next-link=\"https:\/\/23steps.az\/index.php?rest_route=%2Fwp%2Fv2%2Fpages%2F5884&#038;paged=2\">\r\n    <div class=\"ct-grid-overlay\"><\/div>\r\n    \r\n    <div class=\"ct-grid-inner ct-grid-masonry row animate-time\" data-gutter=\"15\">\r\n                            <div class=\"grid-sizer col-xl-3 col-lg-3 col-md-4 col-sm-6 col-12\"><\/div>\r\n            <\/div>\r\n        <\/div>\t\t\t\t<\/div>\n\t\t\t\t<\/div>\n\t\t\t\t\t<\/div>\n\t\t\t\t<\/div>\n\t\t\t\t<\/div>\n\t\t","protected":false},"excerpt":{"rendered":"<p>CEPSA Ya\u011flar\u0131 haqq\u0131nda 23 STEPS MMC Az\u0259rbaycanda Cepsa brendi m\u0259hsullar\u0131n\u0131n r\u0259smi n\u00fcmay\u0259nd\u0259l\u0259riyik v\u0259 avtomobil ya\u011flar\u0131n\u0131n, el\u0259c\u0259 d\u0259 m\u00fcxt\u0259lif n\u00f6v avadanl\u0131qlar \u00fc\u00e7\u00fcn geni\u015f \u00e7e\u015fidd\u0259 ya\u011flar\u0131n t\u0259dar\u00fck\u00fc v\u0259 sat\u0131\u015f\u0131 il\u0259 m\u0259\u015f\u011fuluq. B\u00fct\u00fcn m\u0259hsullar beyn\u0259lxalq standartlara uy\u011fundur. \u018fsas \u00fcst\u00fcnl\u00fckl\u0259r t\u0259qdim olunan m\u0259hsullar\u0131n y\u00fcks\u0259k keyfiyy\u0259ti v\u0259 \u0259n yax\u015f\u0131 qiym\u0259t t\u0259klifl\u0259ridir, \u00e7\u00fcnki biz birba\u015fa istehsal\u00e7\u0131n\u0131n fabrikl\u0259ri il\u0259 i\u015fl\u0259yirik. Bizim \u0259sas [&hellip;]<\/p>\n","protected":false},"author":1,"featured_media":0,"parent":0,"menu_order":0,"comment_status":"closed","ping_status":"closed","template":"","meta":{"footnotes":""},"class_list":["post-5884","page","type-page","status-publish","hentry"],"_links":{"self":[{"href":"https:\/\/23steps.az\/index.php?rest_route=\/wp\/v2\/pages\/5884","targetHints":{"allow":["GET"]}}],"collection":[{"href":"https:\/\/23steps.az\/index.php?rest_route=\/wp\/v2\/pages"}],"about":[{"href":"https:\/\/23steps.az\/index.php?rest_route=\/wp\/v2\/types\/page"}],"author":[{"embeddable":true,"href":"https:\/\/23steps.az\/index.php?rest_route=\/wp\/v2\/users\/1"}],"replies":[{"embeddable":true,"href":"https:\/\/23steps.az\/index.php?rest_route=%2Fwp%2Fv2%2Fcomments&post=5884"}],"version-history":[{"count":16,"href":"https:\/\/23steps.az\/index.php?rest_route=\/wp\/v2\/pages\/5884\/revisions"}],"predecessor-version":[{"id":6073,"href":"https:\/\/23steps.az\/index.php?rest_route=\/wp\/v2\/pages\/5884\/revisions\/6073"}],"wp:attachment":[{"href":"https:\/\/23steps.az\/index.php?rest_route=%2Fwp%2Fv2%2Fmedia&parent=5884"}],"curies":[{"name":"wp","href":"https:\/\/api.w.org\/{rel}","templated":true}]}}