{"id":26,"date":"2019-10-30T08:04:23","date_gmt":"2019-10-30T08:04:23","guid":{"rendered":"https:\/\/demo.casethemes.net\/consultio-immigration\/?page_id=26"},"modified":"2024-09-27T14:16:36","modified_gmt":"2024-09-27T10:16:36","slug":"haqqimizda","status":"publish","type":"page","link":"https:\/\/23steps.az\/?page_id=26","title":{"rendered":"Haqq\u0131m\u0131zda"},"content":{"rendered":"\t\t<div data-elementor-type=\"wp-page\" data-elementor-id=\"26\" class=\"elementor elementor-26\">\n\t\t\t\t<div class=\"elementor-element elementor-element-8f5d7df e-flex e-con-boxed e-con e-parent\" data-id=\"8f5d7df\" data-element_type=\"container\">\n\t\t\t\t\t<div class=\"e-con-inner\">\n\t\t\t\t<div class=\"elementor-element elementor-element-217a41a elementor-widget elementor-widget-ct_about_us\" data-id=\"217a41a\" data-element_type=\"widget\" data-widget_type=\"ct_about_us.default\">\n\t\t\t\t<div class=\"elementor-widget-container\">\n\t\t\t\t\t<div class=\"ct-about-us\">\r\n\t<div class=\"ct-about-left\">\r\n\t\t\t\t\t<div class=\"ct-about-imge\"><img fetchpriority=\"high\" decoding=\"async\" class=\"\" src=\"https:\/\/23steps.az\/wp-content\/uploads\/2024\/09\/1-306x306.jpg\" width=\"306\" height=\"306\" alt=\"1\" title=\"1\" \/><\/div>\r\n\t\t\t<\/div>\r\n\t<div class=\"ct-about-right\">\r\n\t\t<div class=\"ct-about-holder\">\r\n\t        <div class=\"ct-about-subtitle\"><span>Haqq\u0131m\u0131zda<\/span><\/div>\r\n\t        <h3 class=\"ct-about-title\"><\/h3>\r\n\t        <div class=\"ct-about-desc\">AVTO STEPS  Az\u0259rbaycanda  Y\u00fck ma\u015f\u0131nlar\u0131n\u0131n  v\u0259 qo\u015fqular\u0131n  ehtiyyat hiss\u0259l\u0259rinin v\u0259 m\u00fch\u0259rrik ya\u011flar\u0131n\u0131n sat\u0131\u015f\u0131 il\u0259 m\u0259\u015f\u011fuldur.Seqment kimi ,VOLVO,MERCEDES,DAF ,SCAN\u0130YA,MAN  Y\u00fck ma\u015f\u0131nlar\u0131n\u0131n ehtiyyat hiss\u0259l\u0259rinin sat\u0131\u015f\u0131n\u0131 t\u0259\u015fkil edirik.\nAVTO STEPS Ma\u011fazas\u0131 23 STEPS -MMC nin t\u0259rkib hiss\u0259sin\u0259 daxildir.23 STEPS \u015firk\u0259ti CEPSA \u0130spaniyan\u0131n Az\u0259rbaycanda r\u0259smi n\u00fcmay\u0259nd\u0259si v\u0259 AVTO STEPS ma\u011fazas\u0131n\u0131n sahibidir.\nAVTO STEPS  Bir \u00e7ox d\u00fcnya brendl\u0259ri \u201c WABCO\u201d \u201cHENGST\u201d \u201cCEPSA\u201d \u201cMANN F\u0130LTER\u201d \u201cSAMPA\u201d \u201cDAYCO\u201d \u201cKNORR-BREMSE\u201d \u201cAYFAR\u201d \u201cBOSCH\u201d \u201cFAG\u201d \u201cMAHLE\u201d \u201cELR\u0130NG\u201d  \u201cV\u0130CTOR RE\u0130NZ\u201d \u201c GLYCO\u201d \u201cSACHS\u201d kimi d\u00fcnya brendl\u0259ril\u0259 \u00e7al\u0131\u015fmaqdad\u0131r.\nAVTO STEPS Ehtiyyat hiss\u0259l\u0259rin\u0259  y\u00fcks\u0259k z\u0259man\u0259t verir.\nKeyfiyy\u0259t v\u0259 m\u00fc\u015ft\u0259ril\u0259r\u0259 s\u0259m\u0259rl\u0259i xidm\u0259t \u0259sas missiyam\u0131zd\u0131r.\nHal haz\u0131rda 50 d\u0259n \u00e7ox  servis v\u0259 \u015firk\u0259tl\u0259rl\u0259 \u0259m\u0259kda\u015fl\u0131q edirik.\nYeni \u015firk\u0259tl\u0259rl\u0259 \u0259m\u0259kda\u015fl\u0131q \u00fc\u00e7\u00fcn m\u00fcraci\u0259t ed\u0259 bil\u0259r.<\/div>\r\n\t        \t    <\/div>\r\n\t<\/div>\r\n<\/div>\t\t\t\t<\/div>\n\t\t\t\t<\/div>\n\t\t\t\t\t<\/div>\n\t\t\t\t<\/div>\n\t\t<div class=\"elementor-element elementor-element-ace600c e-flex e-con-boxed e-con e-parent\" data-id=\"ace600c\" data-element_type=\"container\">\n\t\t\t\t\t<div class=\"e-con-inner\">\n\t\t\t\t<div class=\"elementor-element elementor-element-bb6be1e elementor-widget elementor-widget-image-gallery\" data-id=\"bb6be1e\" data-element_type=\"widget\" data-widget_type=\"image-gallery.default\">\n\t\t\t\t<div class=\"elementor-widget-container\">\n\t\t\t\t\t\t\t<div class=\"elementor-image-gallery\">\n\t\t\t<div id='gallery-1' class='gallery galleryid-26 gallery-columns-4 gallery-size-full'><figure class='gallery-item'>\n\t\t\t<div class='gallery-icon landscape'>\n\t\t\t\t<a data-elementor-open-lightbox=\"yes\" data-elementor-lightbox-slideshow=\"bb6be1e\" data-elementor-lightbox-title=\"photo_5451774092903566514_y - Copy\" data-e-action-hash=\"#elementor-action%3Aaction%3Dlightbox%26settings%3DeyJpZCI6NjAxOCwidXJsIjoiaHR0cHM6XC9cLzIzc3RlcHMuYXpcL3dwLWNvbnRlbnRcL3VwbG9hZHNcLzIwMjRcLzA5XC9waG90b181NDUxNzc0MDkyOTAzNTY2NTE0X3ktQ29weS5qcGciLCJzbGlkZXNob3ciOiJiYjZiZTFlIn0%3D\" href='https:\/\/23steps.az\/wp-content\/uploads\/2024\/09\/photo_5451774092903566514_y-Copy.jpg'><img decoding=\"async\" width=\"1280\" height=\"960\" src=\"https:\/\/23steps.az\/wp-content\/uploads\/2024\/09\/photo_5451774092903566514_y-Copy.jpg\" class=\"attachment-full size-full\" alt=\"\" srcset=\"https:\/\/23steps.az\/wp-content\/uploads\/2024\/09\/photo_5451774092903566514_y-Copy.jpg 1280w, https:\/\/23steps.az\/wp-content\/uploads\/2024\/09\/photo_5451774092903566514_y-Copy-300x225.jpg 300w, https:\/\/23steps.az\/wp-content\/uploads\/2024\/09\/photo_5451774092903566514_y-Copy-1024x768.jpg 1024w, https:\/\/23steps.az\/wp-content\/uploads\/2024\/09\/photo_5451774092903566514_y-Copy-768x576.jpg 768w, https:\/\/23steps.az\/wp-content\/uploads\/2024\/09\/photo_5451774092903566514_y-Copy-600x450.jpg 600w\" sizes=\"(max-width: 1280px) 100vw, 1280px\" \/><\/a>\n\t\t\t<\/div><\/figure><figure class='gallery-item'>\n\t\t\t<div class='gallery-icon landscape'>\n\t\t\t\t<a data-elementor-open-lightbox=\"yes\" data-elementor-lightbox-slideshow=\"bb6be1e\" data-elementor-lightbox-title=\"photo_5451774092903566492_y - Copy\" data-e-action-hash=\"#elementor-action%3Aaction%3Dlightbox%26settings%3DeyJpZCI6NjAyMiwidXJsIjoiaHR0cHM6XC9cLzIzc3RlcHMuYXpcL3dwLWNvbnRlbnRcL3VwbG9hZHNcLzIwMjRcLzA5XC9waG90b181NDUxNzc0MDkyOTAzNTY2NDkyX3ktQ29weS5qcGciLCJzbGlkZXNob3ciOiJiYjZiZTFlIn0%3D\" href='https:\/\/23steps.az\/wp-content\/uploads\/2024\/09\/photo_5451774092903566492_y-Copy.jpg'><img decoding=\"async\" width=\"1280\" height=\"960\" src=\"https:\/\/23steps.az\/wp-content\/uploads\/2024\/09\/photo_5451774092903566492_y-Copy.jpg\" class=\"attachment-full size-full\" alt=\"\" srcset=\"https:\/\/23steps.az\/wp-content\/uploads\/2024\/09\/photo_5451774092903566492_y-Copy.jpg 1280w, https:\/\/23steps.az\/wp-content\/uploads\/2024\/09\/photo_5451774092903566492_y-Copy-300x225.jpg 300w, https:\/\/23steps.az\/wp-content\/uploads\/2024\/09\/photo_5451774092903566492_y-Copy-1024x768.jpg 1024w, https:\/\/23steps.az\/wp-content\/uploads\/2024\/09\/photo_5451774092903566492_y-Copy-768x576.jpg 768w, https:\/\/23steps.az\/wp-content\/uploads\/2024\/09\/photo_5451774092903566492_y-Copy-600x450.jpg 600w\" sizes=\"(max-width: 1280px) 100vw, 1280px\" \/><\/a>\n\t\t\t<\/div><\/figure><figure class='gallery-item'>\n\t\t\t<div class='gallery-icon landscape'>\n\t\t\t\t<a data-elementor-open-lightbox=\"yes\" data-elementor-lightbox-slideshow=\"bb6be1e\" data-elementor-lightbox-title=\"photo_5451774092903566486_y - Copy\" data-e-action-hash=\"#elementor-action%3Aaction%3Dlightbox%26settings%3DeyJpZCI6NjAyMywidXJsIjoiaHR0cHM6XC9cLzIzc3RlcHMuYXpcL3dwLWNvbnRlbnRcL3VwbG9hZHNcLzIwMjRcLzA5XC9waG90b181NDUxNzc0MDkyOTAzNTY2NDg2X3ktQ29weS5qcGciLCJzbGlkZXNob3ciOiJiYjZiZTFlIn0%3D\" href='https:\/\/23steps.az\/wp-content\/uploads\/2024\/09\/photo_5451774092903566486_y-Copy.jpg'><img loading=\"lazy\" decoding=\"async\" width=\"1280\" height=\"960\" src=\"https:\/\/23steps.az\/wp-content\/uploads\/2024\/09\/photo_5451774092903566486_y-Copy.jpg\" class=\"attachment-full size-full\" alt=\"\" srcset=\"https:\/\/23steps.az\/wp-content\/uploads\/2024\/09\/photo_5451774092903566486_y-Copy.jpg 1280w, https:\/\/23steps.az\/wp-content\/uploads\/2024\/09\/photo_5451774092903566486_y-Copy-300x225.jpg 300w, https:\/\/23steps.az\/wp-content\/uploads\/2024\/09\/photo_5451774092903566486_y-Copy-1024x768.jpg 1024w, https:\/\/23steps.az\/wp-content\/uploads\/2024\/09\/photo_5451774092903566486_y-Copy-768x576.jpg 768w, https:\/\/23steps.az\/wp-content\/uploads\/2024\/09\/photo_5451774092903566486_y-Copy-600x450.jpg 600w\" sizes=\"(max-width: 1280px) 100vw, 1280px\" \/><\/a>\n\t\t\t<\/div><\/figure><figure class='gallery-item'>\n\t\t\t<div class='gallery-icon landscape'>\n\t\t\t\t<a data-elementor-open-lightbox=\"yes\" data-elementor-lightbox-slideshow=\"bb6be1e\" data-elementor-lightbox-title=\"photo_5451774092903566480_y - Copy\" data-e-action-hash=\"#elementor-action%3Aaction%3Dlightbox%26settings%3DeyJpZCI6NjAyNCwidXJsIjoiaHR0cHM6XC9cLzIzc3RlcHMuYXpcL3dwLWNvbnRlbnRcL3VwbG9hZHNcLzIwMjRcLzA5XC9waG90b181NDUxNzc0MDkyOTAzNTY2NDgwX3ktQ29weS5qcGciLCJzbGlkZXNob3ciOiJiYjZiZTFlIn0%3D\" href='https:\/\/23steps.az\/wp-content\/uploads\/2024\/09\/photo_5451774092903566480_y-Copy.jpg'><img loading=\"lazy\" decoding=\"async\" width=\"1280\" height=\"960\" src=\"https:\/\/23steps.az\/wp-content\/uploads\/2024\/09\/photo_5451774092903566480_y-Copy.jpg\" class=\"attachment-full size-full\" alt=\"\" srcset=\"https:\/\/23steps.az\/wp-content\/uploads\/2024\/09\/photo_5451774092903566480_y-Copy.jpg 1280w, https:\/\/23steps.az\/wp-content\/uploads\/2024\/09\/photo_5451774092903566480_y-Copy-300x225.jpg 300w, https:\/\/23steps.az\/wp-content\/uploads\/2024\/09\/photo_5451774092903566480_y-Copy-1024x768.jpg 1024w, https:\/\/23steps.az\/wp-content\/uploads\/2024\/09\/photo_5451774092903566480_y-Copy-768x576.jpg 768w, https:\/\/23steps.az\/wp-content\/uploads\/2024\/09\/photo_5451774092903566480_y-Copy-600x450.jpg 600w\" sizes=\"(max-width: 1280px) 100vw, 1280px\" \/><\/a>\n\t\t\t<\/div><\/figure><figure class='gallery-item'>\n\t\t\t<div class='gallery-icon landscape'>\n\t\t\t\t<a data-elementor-open-lightbox=\"yes\" data-elementor-lightbox-slideshow=\"bb6be1e\" data-elementor-lightbox-title=\"photo_5451774092903566472_y - Copy\" data-e-action-hash=\"#elementor-action%3Aaction%3Dlightbox%26settings%3DeyJpZCI6NjAyNSwidXJsIjoiaHR0cHM6XC9cLzIzc3RlcHMuYXpcL3dwLWNvbnRlbnRcL3VwbG9hZHNcLzIwMjRcLzA5XC9waG90b181NDUxNzc0MDkyOTAzNTY2NDcyX3ktQ29weS5qcGciLCJzbGlkZXNob3ciOiJiYjZiZTFlIn0%3D\" href='https:\/\/23steps.az\/wp-content\/uploads\/2024\/09\/photo_5451774092903566472_y-Copy.jpg'><img loading=\"lazy\" decoding=\"async\" width=\"1080\" height=\"1080\" src=\"https:\/\/23steps.az\/wp-content\/uploads\/2024\/09\/photo_5451774092903566472_y-Copy.jpg\" class=\"attachment-full size-full\" alt=\"\" srcset=\"https:\/\/23steps.az\/wp-content\/uploads\/2024\/09\/photo_5451774092903566472_y-Copy.jpg 1080w, https:\/\/23steps.az\/wp-content\/uploads\/2024\/09\/photo_5451774092903566472_y-Copy-300x300.jpg 300w, https:\/\/23steps.az\/wp-content\/uploads\/2024\/09\/photo_5451774092903566472_y-Copy-1024x1024.jpg 1024w, https:\/\/23steps.az\/wp-content\/uploads\/2024\/09\/photo_5451774092903566472_y-Copy-150x150.jpg 150w, https:\/\/23steps.az\/wp-content\/uploads\/2024\/09\/photo_5451774092903566472_y-Copy-768x768.jpg 768w, https:\/\/23steps.az\/wp-content\/uploads\/2024\/09\/photo_5451774092903566472_y-Copy-600x600.jpg 600w\" sizes=\"(max-width: 1080px) 100vw, 1080px\" \/><\/a>\n\t\t\t<\/div><\/figure><figure class='gallery-item'>\n\t\t\t<div class='gallery-icon landscape'>\n\t\t\t\t<a data-elementor-open-lightbox=\"yes\" data-elementor-lightbox-slideshow=\"bb6be1e\" data-elementor-lightbox-title=\"photo_5451774092903566471_y - Copy\" data-e-action-hash=\"#elementor-action%3Aaction%3Dlightbox%26settings%3DeyJpZCI6NjAyNiwidXJsIjoiaHR0cHM6XC9cLzIzc3RlcHMuYXpcL3dwLWNvbnRlbnRcL3VwbG9hZHNcLzIwMjRcLzA5XC9waG90b181NDUxNzc0MDkyOTAzNTY2NDcxX3ktQ29weS5qcGciLCJzbGlkZXNob3ciOiJiYjZiZTFlIn0%3D\" href='https:\/\/23steps.az\/wp-content\/uploads\/2024\/09\/photo_5451774092903566471_y-Copy.jpg'><img loading=\"lazy\" decoding=\"async\" width=\"1080\" height=\"1080\" src=\"https:\/\/23steps.az\/wp-content\/uploads\/2024\/09\/photo_5451774092903566471_y-Copy.jpg\" class=\"attachment-full size-full\" alt=\"\" srcset=\"https:\/\/23steps.az\/wp-content\/uploads\/2024\/09\/photo_5451774092903566471_y-Copy.jpg 1080w, https:\/\/23steps.az\/wp-content\/uploads\/2024\/09\/photo_5451774092903566471_y-Copy-300x300.jpg 300w, https:\/\/23steps.az\/wp-content\/uploads\/2024\/09\/photo_5451774092903566471_y-Copy-1024x1024.jpg 1024w, https:\/\/23steps.az\/wp-content\/uploads\/2024\/09\/photo_5451774092903566471_y-Copy-150x150.jpg 150w, https:\/\/23steps.az\/wp-content\/uploads\/2024\/09\/photo_5451774092903566471_y-Copy-768x768.jpg 768w, https:\/\/23steps.az\/wp-content\/uploads\/2024\/09\/photo_5451774092903566471_y-Copy-600x600.jpg 600w\" sizes=\"(max-width: 1080px) 100vw, 1080px\" \/><\/a>\n\t\t\t<\/div><\/figure><figure class='gallery-item'>\n\t\t\t<div class='gallery-icon landscape'>\n\t\t\t\t<a data-elementor-open-lightbox=\"yes\" data-elementor-lightbox-slideshow=\"bb6be1e\" data-elementor-lightbox-title=\"photo_5379629920914891526_y - Copy\" data-e-action-hash=\"#elementor-action%3Aaction%3Dlightbox%26settings%3DeyJpZCI6NjAyNywidXJsIjoiaHR0cHM6XC9cLzIzc3RlcHMuYXpcL3dwLWNvbnRlbnRcL3VwbG9hZHNcLzIwMjRcLzA5XC9waG90b181Mzc5NjI5OTIwOTE0ODkxNTI2X3ktQ29weS5qcGciLCJzbGlkZXNob3ciOiJiYjZiZTFlIn0%3D\" href='https:\/\/23steps.az\/wp-content\/uploads\/2024\/09\/photo_5379629920914891526_y-Copy.jpg'><img loading=\"lazy\" decoding=\"async\" width=\"1280\" height=\"960\" src=\"https:\/\/23steps.az\/wp-content\/uploads\/2024\/09\/photo_5379629920914891526_y-Copy.jpg\" class=\"attachment-full size-full\" alt=\"\" srcset=\"https:\/\/23steps.az\/wp-content\/uploads\/2024\/09\/photo_5379629920914891526_y-Copy.jpg 1280w, https:\/\/23steps.az\/wp-content\/uploads\/2024\/09\/photo_5379629920914891526_y-Copy-300x225.jpg 300w, https:\/\/23steps.az\/wp-content\/uploads\/2024\/09\/photo_5379629920914891526_y-Copy-1024x768.jpg 1024w, https:\/\/23steps.az\/wp-content\/uploads\/2024\/09\/photo_5379629920914891526_y-Copy-768x576.jpg 768w, https:\/\/23steps.az\/wp-content\/uploads\/2024\/09\/photo_5379629920914891526_y-Copy-600x450.jpg 600w\" sizes=\"(max-width: 1280px) 100vw, 1280px\" \/><\/a>\n\t\t\t<\/div><\/figure><figure class='gallery-item'>\n\t\t\t<div class='gallery-icon landscape'>\n\t\t\t\t<a data-elementor-open-lightbox=\"yes\" data-elementor-lightbox-slideshow=\"bb6be1e\" data-elementor-lightbox-title=\"photo_5379629920914891518_y - Copy\" data-e-action-hash=\"#elementor-action%3Aaction%3Dlightbox%26settings%3DeyJpZCI6NjAyOCwidXJsIjoiaHR0cHM6XC9cLzIzc3RlcHMuYXpcL3dwLWNvbnRlbnRcL3VwbG9hZHNcLzIwMjRcLzA5XC9waG90b181Mzc5NjI5OTIwOTE0ODkxNTE4X3ktQ29weS5qcGciLCJzbGlkZXNob3ciOiJiYjZiZTFlIn0%3D\" href='https:\/\/23steps.az\/wp-content\/uploads\/2024\/09\/photo_5379629920914891518_y-Copy.jpg'><img loading=\"lazy\" decoding=\"async\" width=\"1280\" height=\"960\" src=\"https:\/\/23steps.az\/wp-content\/uploads\/2024\/09\/photo_5379629920914891518_y-Copy.jpg\" class=\"attachment-full size-full\" alt=\"\" srcset=\"https:\/\/23steps.az\/wp-content\/uploads\/2024\/09\/photo_5379629920914891518_y-Copy.jpg 1280w, https:\/\/23steps.az\/wp-content\/uploads\/2024\/09\/photo_5379629920914891518_y-Copy-300x225.jpg 300w, https:\/\/23steps.az\/wp-content\/uploads\/2024\/09\/photo_5379629920914891518_y-Copy-1024x768.jpg 1024w, https:\/\/23steps.az\/wp-content\/uploads\/2024\/09\/photo_5379629920914891518_y-Copy-768x576.jpg 768w, https:\/\/23steps.az\/wp-content\/uploads\/2024\/09\/photo_5379629920914891518_y-Copy-600x450.jpg 600w\" sizes=\"(max-width: 1280px) 100vw, 1280px\" \/><\/a>\n\t\t\t<\/div><\/figure><figure class='gallery-item'>\n\t\t\t<div class='gallery-icon portrait'>\n\t\t\t\t<a data-elementor-open-lightbox=\"yes\" data-elementor-lightbox-slideshow=\"bb6be1e\" data-elementor-lightbox-title=\"photo_5379629920914891495_y\" data-e-action-hash=\"#elementor-action%3Aaction%3Dlightbox%26settings%3DeyJpZCI6NjAzMiwidXJsIjoiaHR0cHM6XC9cLzIzc3RlcHMuYXpcL3dwLWNvbnRlbnRcL3VwbG9hZHNcLzIwMjRcLzA5XC9waG90b181Mzc5NjI5OTIwOTE0ODkxNDk1X3kuanBnIiwic2xpZGVzaG93IjoiYmI2YmUxZSJ9\" href='https:\/\/23steps.az\/wp-content\/uploads\/2024\/09\/photo_5379629920914891495_y.jpg'><img loading=\"lazy\" decoding=\"async\" width=\"960\" height=\"1280\" src=\"https:\/\/23steps.az\/wp-content\/uploads\/2024\/09\/photo_5379629920914891495_y.jpg\" class=\"attachment-full size-full\" alt=\"\" srcset=\"https:\/\/23steps.az\/wp-content\/uploads\/2024\/09\/photo_5379629920914891495_y.jpg 960w, https:\/\/23steps.az\/wp-content\/uploads\/2024\/09\/photo_5379629920914891495_y-225x300.jpg 225w, https:\/\/23steps.az\/wp-content\/uploads\/2024\/09\/photo_5379629920914891495_y-768x1024.jpg 768w, https:\/\/23steps.az\/wp-content\/uploads\/2024\/09\/photo_5379629920914891495_y-600x800.jpg 600w\" sizes=\"(max-width: 960px) 100vw, 960px\" \/><\/a>\n\t\t\t<\/div><\/figure><figure class='gallery-item'>\n\t\t\t<div class='gallery-icon portrait'>\n\t\t\t\t<a data-elementor-open-lightbox=\"yes\" data-elementor-lightbox-slideshow=\"bb6be1e\" data-elementor-lightbox-title=\"photo_5379629920914891494_y\" data-e-action-hash=\"#elementor-action%3Aaction%3Dlightbox%26settings%3DeyJpZCI6NjAzMywidXJsIjoiaHR0cHM6XC9cLzIzc3RlcHMuYXpcL3dwLWNvbnRlbnRcL3VwbG9hZHNcLzIwMjRcLzA5XC9waG90b181Mzc5NjI5OTIwOTE0ODkxNDk0X3kuanBnIiwic2xpZGVzaG93IjoiYmI2YmUxZSJ9\" href='https:\/\/23steps.az\/wp-content\/uploads\/2024\/09\/photo_5379629920914891494_y.jpg'><img loading=\"lazy\" decoding=\"async\" width=\"960\" height=\"1280\" src=\"https:\/\/23steps.az\/wp-content\/uploads\/2024\/09\/photo_5379629920914891494_y.jpg\" class=\"attachment-full size-full\" alt=\"\" srcset=\"https:\/\/23steps.az\/wp-content\/uploads\/2024\/09\/photo_5379629920914891494_y.jpg 960w, https:\/\/23steps.az\/wp-content\/uploads\/2024\/09\/photo_5379629920914891494_y-225x300.jpg 225w, https:\/\/23steps.az\/wp-content\/uploads\/2024\/09\/photo_5379629920914891494_y-768x1024.jpg 768w, https:\/\/23steps.az\/wp-content\/uploads\/2024\/09\/photo_5379629920914891494_y-600x800.jpg 600w\" sizes=\"(max-width: 960px) 100vw, 960px\" \/><\/a>\n\t\t\t<\/div><\/figure><figure class='gallery-item'>\n\t\t\t<div class='gallery-icon portrait'>\n\t\t\t\t<a data-elementor-open-lightbox=\"yes\" data-elementor-lightbox-slideshow=\"bb6be1e\" data-elementor-lightbox-title=\"photo_5451774092903566519_y\" data-e-action-hash=\"#elementor-action%3Aaction%3Dlightbox%26settings%3DeyJpZCI6NjA0MCwidXJsIjoiaHR0cHM6XC9cLzIzc3RlcHMuYXpcL3dwLWNvbnRlbnRcL3VwbG9hZHNcLzIwMjRcLzA5XC9waG90b181NDUxNzc0MDkyOTAzNTY2NTE5X3kuanBnIiwic2xpZGVzaG93IjoiYmI2YmUxZSJ9\" href='https:\/\/23steps.az\/wp-content\/uploads\/2024\/09\/photo_5451774092903566519_y.jpg'><img loading=\"lazy\" decoding=\"async\" width=\"960\" height=\"1280\" src=\"https:\/\/23steps.az\/wp-content\/uploads\/2024\/09\/photo_5451774092903566519_y.jpg\" class=\"attachment-full size-full\" alt=\"\" srcset=\"https:\/\/23steps.az\/wp-content\/uploads\/2024\/09\/photo_5451774092903566519_y.jpg 960w, https:\/\/23steps.az\/wp-content\/uploads\/2024\/09\/photo_5451774092903566519_y-225x300.jpg 225w, https:\/\/23steps.az\/wp-content\/uploads\/2024\/09\/photo_5451774092903566519_y-768x1024.jpg 768w, https:\/\/23steps.az\/wp-content\/uploads\/2024\/09\/photo_5451774092903566519_y-600x800.jpg 600w\" sizes=\"(max-width: 960px) 100vw, 960px\" \/><\/a>\n\t\t\t<\/div><\/figure><figure class='gallery-item'>\n\t\t\t<div class='gallery-icon portrait'>\n\t\t\t\t<a data-elementor-open-lightbox=\"yes\" data-elementor-lightbox-slideshow=\"bb6be1e\" data-elementor-lightbox-title=\"photo_5451774092903566518_y\" data-e-action-hash=\"#elementor-action%3Aaction%3Dlightbox%26settings%3DeyJpZCI6NjA0MSwidXJsIjoiaHR0cHM6XC9cLzIzc3RlcHMuYXpcL3dwLWNvbnRlbnRcL3VwbG9hZHNcLzIwMjRcLzA5XC9waG90b181NDUxNzc0MDkyOTAzNTY2NTE4X3kuanBnIiwic2xpZGVzaG93IjoiYmI2YmUxZSJ9\" href='https:\/\/23steps.az\/wp-content\/uploads\/2024\/09\/photo_5451774092903566518_y.jpg'><img loading=\"lazy\" decoding=\"async\" width=\"960\" height=\"1280\" src=\"https:\/\/23steps.az\/wp-content\/uploads\/2024\/09\/photo_5451774092903566518_y.jpg\" class=\"attachment-full size-full\" alt=\"\" srcset=\"https:\/\/23steps.az\/wp-content\/uploads\/2024\/09\/photo_5451774092903566518_y.jpg 960w, https:\/\/23steps.az\/wp-content\/uploads\/2024\/09\/photo_5451774092903566518_y-225x300.jpg 225w, https:\/\/23steps.az\/wp-content\/uploads\/2024\/09\/photo_5451774092903566518_y-768x1024.jpg 768w, https:\/\/23steps.az\/wp-content\/uploads\/2024\/09\/photo_5451774092903566518_y-600x800.jpg 600w\" sizes=\"(max-width: 960px) 100vw, 960px\" \/><\/a>\n\t\t\t<\/div><\/figure><figure class='gallery-item'>\n\t\t\t<div class='gallery-icon landscape'>\n\t\t\t\t<a data-elementor-open-lightbox=\"yes\" data-elementor-lightbox-slideshow=\"bb6be1e\" data-elementor-lightbox-title=\"photo_5451774092903566486_y\" data-e-action-hash=\"#elementor-action%3Aaction%3Dlightbox%26settings%3DeyJpZCI6NjA0MiwidXJsIjoiaHR0cHM6XC9cLzIzc3RlcHMuYXpcL3dwLWNvbnRlbnRcL3VwbG9hZHNcLzIwMjRcLzA5XC9waG90b181NDUxNzc0MDkyOTAzNTY2NDg2X3ktMS5qcGciLCJzbGlkZXNob3ciOiJiYjZiZTFlIn0%3D\" href='https:\/\/23steps.az\/wp-content\/uploads\/2024\/09\/photo_5451774092903566486_y-1.jpg'><img loading=\"lazy\" decoding=\"async\" width=\"1280\" height=\"960\" src=\"https:\/\/23steps.az\/wp-content\/uploads\/2024\/09\/photo_5451774092903566486_y-1.jpg\" class=\"attachment-full size-full\" alt=\"\" srcset=\"https:\/\/23steps.az\/wp-content\/uploads\/2024\/09\/photo_5451774092903566486_y-1.jpg 1280w, https:\/\/23steps.az\/wp-content\/uploads\/2024\/09\/photo_5451774092903566486_y-1-300x225.jpg 300w, https:\/\/23steps.az\/wp-content\/uploads\/2024\/09\/photo_5451774092903566486_y-1-1024x768.jpg 1024w, https:\/\/23steps.az\/wp-content\/uploads\/2024\/09\/photo_5451774092903566486_y-1-768x576.jpg 768w, https:\/\/23steps.az\/wp-content\/uploads\/2024\/09\/photo_5451774092903566486_y-1-600x450.jpg 600w\" sizes=\"(max-width: 1280px) 100vw, 1280px\" \/><\/a>\n\t\t\t<\/div><\/figure><figure class='gallery-item'>\n\t\t\t<div class='gallery-icon landscape'>\n\t\t\t\t<a data-elementor-open-lightbox=\"yes\" data-elementor-lightbox-slideshow=\"bb6be1e\" data-elementor-lightbox-title=\"photo_5379629920914891500_y\" data-e-action-hash=\"#elementor-action%3Aaction%3Dlightbox%26settings%3DeyJpZCI6NjA0MywidXJsIjoiaHR0cHM6XC9cLzIzc3RlcHMuYXpcL3dwLWNvbnRlbnRcL3VwbG9hZHNcLzIwMjRcLzA5XC9waG90b181Mzc5NjI5OTIwOTE0ODkxNTAwX3kuanBnIiwic2xpZGVzaG93IjoiYmI2YmUxZSJ9\" href='https:\/\/23steps.az\/wp-content\/uploads\/2024\/09\/photo_5379629920914891500_y.jpg'><img loading=\"lazy\" decoding=\"async\" width=\"1280\" height=\"964\" src=\"https:\/\/23steps.az\/wp-content\/uploads\/2024\/09\/photo_5379629920914891500_y.jpg\" class=\"attachment-full size-full\" alt=\"\" srcset=\"https:\/\/23steps.az\/wp-content\/uploads\/2024\/09\/photo_5379629920914891500_y.jpg 1280w, https:\/\/23steps.az\/wp-content\/uploads\/2024\/09\/photo_5379629920914891500_y-300x226.jpg 300w, https:\/\/23steps.az\/wp-content\/uploads\/2024\/09\/photo_5379629920914891500_y-1024x771.jpg 1024w, https:\/\/23steps.az\/wp-content\/uploads\/2024\/09\/photo_5379629920914891500_y-768x578.jpg 768w, https:\/\/23steps.az\/wp-content\/uploads\/2024\/09\/photo_5379629920914891500_y-600x452.jpg 600w\" sizes=\"(max-width: 1280px) 100vw, 1280px\" \/><\/a>\n\t\t\t<\/div><\/figure><figure class='gallery-item'>\n\t\t\t<div class='gallery-icon landscape'>\n\t\t\t\t<a data-elementor-open-lightbox=\"yes\" data-elementor-lightbox-slideshow=\"bb6be1e\" data-elementor-lightbox-title=\"photo_5379629920914891492_y\" data-e-action-hash=\"#elementor-action%3Aaction%3Dlightbox%26settings%3DeyJpZCI6NjA0NCwidXJsIjoiaHR0cHM6XC9cLzIzc3RlcHMuYXpcL3dwLWNvbnRlbnRcL3VwbG9hZHNcLzIwMjRcLzA5XC9waG90b181Mzc5NjI5OTIwOTE0ODkxNDkyX3kuanBnIiwic2xpZGVzaG93IjoiYmI2YmUxZSJ9\" href='https:\/\/23steps.az\/wp-content\/uploads\/2024\/09\/photo_5379629920914891492_y.jpg'><img loading=\"lazy\" decoding=\"async\" width=\"1280\" height=\"960\" src=\"https:\/\/23steps.az\/wp-content\/uploads\/2024\/09\/photo_5379629920914891492_y.jpg\" class=\"attachment-full size-full\" alt=\"\" srcset=\"https:\/\/23steps.az\/wp-content\/uploads\/2024\/09\/photo_5379629920914891492_y.jpg 1280w, https:\/\/23steps.az\/wp-content\/uploads\/2024\/09\/photo_5379629920914891492_y-300x225.jpg 300w, https:\/\/23steps.az\/wp-content\/uploads\/2024\/09\/photo_5379629920914891492_y-1024x768.jpg 1024w, https:\/\/23steps.az\/wp-content\/uploads\/2024\/09\/photo_5379629920914891492_y-768x576.jpg 768w, https:\/\/23steps.az\/wp-content\/uploads\/2024\/09\/photo_5379629920914891492_y-600x450.jpg 600w\" sizes=\"(max-width: 1280px) 100vw, 1280px\" \/><\/a>\n\t\t\t<\/div><\/figure>\n\t\t<\/div>\n\t\t<\/div>\n\t\t\t\t\t\t<\/div>\n\t\t\t\t<\/div>\n\t\t\t\t\t<\/div>\n\t\t\t\t<\/div>\n\t\t\t\t<\/div>\n\t\t","protected":false},"excerpt":{"rendered":"<p>Haqq\u0131m\u0131zda AVTO STEPS Az\u0259rbaycanda Y\u00fck ma\u015f\u0131nlar\u0131n\u0131n v\u0259 qo\u015fqular\u0131n ehtiyyat hiss\u0259l\u0259rinin v\u0259 m\u00fch\u0259rrik ya\u011flar\u0131n\u0131n sat\u0131\u015f\u0131 il\u0259 m\u0259\u015f\u011fuldur.Seqment kimi ,VOLVO,MERCEDES,DAF ,SCAN\u0130YA,MAN Y\u00fck ma\u015f\u0131nlar\u0131n\u0131n ehtiyyat hiss\u0259l\u0259rinin sat\u0131\u015f\u0131n\u0131 t\u0259\u015fkil edirik. AVTO STEPS Ma\u011fazas\u0131 23 STEPS -MMC nin t\u0259rkib hiss\u0259sin\u0259 daxildir.23 STEPS \u015firk\u0259ti CEPSA \u0130spaniyan\u0131n Az\u0259rbaycanda r\u0259smi n\u00fcmay\u0259nd\u0259si v\u0259 AVTO STEPS ma\u011fazas\u0131n\u0131n sahibidir. AVTO STEPS Bir \u00e7ox d\u00fcnya brendl\u0259ri \u201c [&hellip;]<\/p>\n","protected":false},"author":1,"featured_media":0,"parent":0,"menu_order":0,"comment_status":"closed","ping_status":"closed","template":"","meta":{"footnotes":""},"class_list":["post-26","page","type-page","status-publish","hentry"],"_links":{"self":[{"href":"https:\/\/23steps.az\/index.php?rest_route=\/wp\/v2\/pages\/26","targetHints":{"allow":["GET"]}}],"collection":[{"href":"https:\/\/23steps.az\/index.php?rest_route=\/wp\/v2\/pages"}],"about":[{"href":"https:\/\/23steps.az\/index.php?rest_route=\/wp\/v2\/types\/page"}],"author":[{"embeddable":true,"href":"https:\/\/23steps.az\/index.php?rest_route=\/wp\/v2\/users\/1"}],"replies":[{"embeddable":true,"href":"https:\/\/23steps.az\/index.php?rest_route=%2Fwp%2Fv2%2Fcomments&post=26"}],"version-history":[{"count":16,"href":"https:\/\/23steps.az\/index.php?rest_route=\/wp\/v2\/pages\/26\/revisions"}],"predecessor-version":[{"id":6047,"href":"https:\/\/23steps.az\/index.php?rest_route=\/wp\/v2\/pages\/26\/revisions\/6047"}],"wp:attachment":[{"href":"https:\/\/23steps.az\/index.php?rest_route=%2Fwp%2Fv2%2Fmedia&parent=26"}],"curies":[{"name":"wp","href":"https:\/\/api.w.org\/{rel}","templated":true}]}}